{"id":1457,"date":"2016-02-09T13:37:13","date_gmt":"2016-02-09T12:37:13","guid":{"rendered":"https:\/\/www.camping-pontdemaisonneuve.com\/accueil\/"},"modified":"2024-11-27T11:10:28","modified_gmt":"2024-11-27T10:10:28","slug":"accueil","status":"publish","type":"page","link":"https:\/\/www.camping-pontdemaisonneuve.com\/de\/","title":{"rendered":"Home"},"content":{"rendered":"<p><div id=\"form-resa\" class=\"fusion-fullwidth fullwidth-box nonhundred-percent-fullwidth non-hundred-percent-height-scrolling\"  style='background-color: #555555;background-position: left top;background-repeat: no-repeat;padding-top:30px;padding-right:0px;padding-bottom:30px;padding-left:0px;border-top-width:0px;border-bottom-width:0px;border-color:#eae9e9;border-top-style:solid;border-bottom-style:solid;'><div class=\"fusion-builder-row fusion-row \"><div  class=\"fusion-layout-column fusion_builder_column fusion_builder_column_1_1  fusion-one-full fusion-column-first fusion-column-last fusion-column-no-min-height 1_1\"  style='margin-top:0px;margin-bottom:0px;'>\n\t\t\t\t\t<div class=\"fusion-column-wrapper\" style=\"padding: 0px 0px 0px 0px;background-position:left top;background-repeat:no-repeat;-webkit-background-size:cover;-moz-background-size:cover;-o-background-size:cover;background-size:cover;\"  data-bg-url=\"\">\n\t\t\t\t\t\t        <style>\n        #form-resa {  z-index:100000 }\n        <\/style>\n       \t<ctv-searchbar ><\/ctv-searchbar>\n\t\t<div class=\"fusion-clearfix\"><\/div>\n\n\t\t\t\t\t<\/div>\n\t\t\t\t<\/div><\/div><\/div><div class=\"fusion-fullwidth fullwidth-box nonhundred-percent-fullwidth non-hundred-percent-height-scrolling\"  style='background-color: rgba(255,255,255,0);background-position: left top;background-repeat: no-repeat;padding-top:20px;padding-right:0px;padding-bottom:20px;padding-left:0px;border-top-width:0px;border-bottom-width:0px;border-color:#eae9e9;border-top-style:solid;border-bottom-style:solid;'><div class=\"fusion-builder-row fusion-row \"><\/div><\/div><div class=\"fusion-fullwidth fullwidth-box nonhundred-percent-fullwidth non-hundred-percent-height-scrolling\"  style='background-color: rgba(255,255,255,0);background-position: left top;background-repeat: no-repeat;padding-top:20px;padding-right:0px;padding-bottom:45px;padding-left:0px;border-top-width:0px;border-bottom-width:0px;border-color:#eae9e9;border-top-style:solid;border-bottom-style:solid;'><div class=\"fusion-builder-row fusion-row \"><div  class=\"fusion-layout-column fusion_builder_column fusion_builder_column_2_3  fusion-two-third fusion-column-first edito 2_3\"  style='margin-top:0px;margin-bottom:20px;width:65.3333%; margin-right: 4%;'>\n\t\t\t\t\t<div class=\"fusion-column-wrapper\" style=\"padding: 0px 0px 0px 0px;background-position:left top;background-repeat:no-repeat;-webkit-background-size:cover;-moz-background-size:cover;-o-background-size:cover;background-size:cover;\"  data-bg-url=\"\">\n\t\t\t\t\t\t<div class=\"fusion-title title fusion-sep-none fusion-title-size-one\" style=\"margin-top:0px;margin-bottom:31px;\"><h1 class=\"title-heading-left\">Camping Le Pont de Maisonneuve, S\u00fcd-Ard\u00e8che<\/h1><\/div><div class=\"fusion-text\"><p>Familie Deleuze begr\u00fc\u00dft Sie herzlich auf ihrem <strong>3-Sterne-Campingplatz<\/strong> in der S\u00fcd-Ard\u00e8che.<br \/>\nDer Campingplatz liegt in den Gemeinden Beaulieu und Berrias-Casteljau, am Ufer des Flusses Le Chassezac und verspricht einen wunderbaren Aufenthalt mit der ganzen Familie.<\/p>\n<p>In der unmittelbaren Umgebung des Campingplatzes (ca. 2 km entfernt) k\u00f6nnen Sie die Naturgebiete Gorges du Chassezac und den Bois de Pa\u00efolive entdecken: dort erwartet Sie ein umfangreiches Sportangebot f\u00fcr Klein und Gro\u00df (Baden, Wandern, Klettern, Kanufahren, Mountainbiken).<\/p>\n<p>20 Minuten vom Campingplatz entfernt erwarten Sie die gro\u00dfartigen Naturst\u00e4tten <strong>Pont d\u2019Arc,<\/strong>\u00a0die <strong>Gorges de l\u2019Ard\u00e8che<\/strong> sowie die <strong>Grotte Chauvet 2<\/strong> und versprechen eine wunderbare Auszeit.<\/p>\n<p>Bis bald auf dem <strong>Camping du Pont de Maisonneuve<\/strong> f\u00fcr Ihre Ferien in der S\u00fcd-Ard\u00e8che!<\/p>\n<\/div><div class=\"fusion-clearfix\"><\/div>\n\n\t\t\t\t\t<\/div>\n\t\t\t\t<\/div><div  class=\"fusion-layout-column fusion_builder_column fusion_builder_column_1_3  fusion-one-third fusion-column-last gallerie-image 1_3\"  style='margin-top:0px;margin-bottom:20px;width:30.6666%'>\n\t\t\t\t\t<div class=\"fusion-column-wrapper\" style=\"padding: 0px 0px 0px 0px;background-position:left top;background-repeat:no-repeat;-webkit-background-size:cover;-moz-background-size:cover;-o-background-size:cover;background-size:cover;\"  data-bg-url=\"\">\n\t\t\t\t\t\t<span class=\"fusion-imageframe imageframe-none imageframe-1 hover-type-none\"><a href=\"https:\/\/www.camping-pontdemaisonneuve.com\/wp-content\/uploads\/2016\/02\/accueil-pont-d-arc.jpg\" class=\"fusion-lightbox\" data-rel=\"iLightbox[9bebe83e1ab9b6ed6d0]\" data-title=\"Die Pont d&#8217;Arc\" title=\"Die Pont d&#8217;Arc\"><img loading=\"lazy\" decoding=\"async\" src=\"https:\/\/www.camping-pontdemaisonneuve.com\/wp-content\/uploads\/2016\/02\/accueil-pont-d-arc-150x150.jpg\" width=\"150\" height=\"150\" alt=\"Die Pont d&#039;Arc\" class=\"img-responsive wp-image-1073\" srcset=\"https:\/\/www.camping-pontdemaisonneuve.com\/wp-content\/uploads\/2016\/02\/accueil-pont-d-arc-66x66.jpg 66w, https:\/\/www.camping-pontdemaisonneuve.com\/wp-content\/uploads\/2016\/02\/accueil-pont-d-arc-150x150.jpg 150w\" sizes=\"auto, (max-width: 150px) 100vw, 150px\" \/><\/a><\/span><span class=\"fusion-imageframe imageframe-none imageframe-2 hover-type-none\"><a href=\"https:\/\/www.camping-pontdemaisonneuve.com\/wp-content\/uploads\/2018\/11\/mh-riviera-1-01.jpg\" class=\"fusion-lightbox\" data-rel=\"iLightbox[41f1f7624a25dfef9a9]\" data-title=\"Mobilheim 6 Personen 28 m\u00b2\" title=\"Mobilheim 6 Personen 28 m\u00b2\"><img loading=\"lazy\" decoding=\"async\" src=\"https:\/\/www.camping-pontdemaisonneuve.com\/wp-content\/uploads\/2018\/11\/mh-riviera-1-01-150x150.jpg\" width=\"150\" height=\"150\" alt=\"Mobilheim 6 Personen 28 m\u00b2\" class=\"img-responsive wp-image-1346\" srcset=\"https:\/\/www.camping-pontdemaisonneuve.com\/wp-content\/uploads\/2018\/11\/mh-riviera-1-01-66x66.jpg 66w, https:\/\/www.camping-pontdemaisonneuve.com\/wp-content\/uploads\/2018\/11\/mh-riviera-1-01-150x150.jpg 150w\" sizes=\"auto, (max-width: 150px) 100vw, 150px\" \/><\/a><\/span><span class=\"fusion-imageframe imageframe-none imageframe-3 hover-type-none\"><a href=\"https:\/\/www.camping-pontdemaisonneuve.com\/wp-content\/uploads\/2016\/02\/accueil-caverne-du-pont-d-arc.jpg\" class=\"fusion-lightbox\" data-rel=\"iLightbox[d39b47255a353a23d13]\" data-title=\"Grotte Chauvet 2\" title=\"Grotte Chauvet 2\"><img loading=\"lazy\" decoding=\"async\" src=\"https:\/\/www.camping-pontdemaisonneuve.com\/wp-content\/uploads\/2016\/02\/accueil-caverne-du-pont-d-arc-150x150.jpg\" width=\"150\" height=\"150\" alt=\"Grotte Chauvet 2\" class=\"img-responsive wp-image-1064\" srcset=\"https:\/\/www.camping-pontdemaisonneuve.com\/wp-content\/uploads\/2016\/02\/accueil-caverne-du-pont-d-arc-66x66.jpg 66w, https:\/\/www.camping-pontdemaisonneuve.com\/wp-content\/uploads\/2016\/02\/accueil-caverne-du-pont-d-arc-150x150.jpg 150w\" sizes=\"auto, (max-width: 150px) 100vw, 150px\" \/><\/a><\/span><span class=\"fusion-imageframe imageframe-none imageframe-4 hover-type-none\"><a href=\"https:\/\/www.camping-pontdemaisonneuve.com\/wp-content\/uploads\/2016\/02\/accueil-mousse.jpg\" class=\"fusion-lightbox\" data-rel=\"iLightbox[5cab1237c37d66d4e87]\" data-title=\"Tanzabend\" title=\"Tanzabend\"><img loading=\"lazy\" decoding=\"async\" src=\"https:\/\/www.camping-pontdemaisonneuve.com\/wp-content\/uploads\/2016\/02\/accueil-mousse-150x150.jpg\" width=\"150\" height=\"150\" alt=\"Tanzabend\" class=\"img-responsive wp-image-1070\" srcset=\"https:\/\/www.camping-pontdemaisonneuve.com\/wp-content\/uploads\/2016\/02\/accueil-mousse-66x66.jpg 66w, https:\/\/www.camping-pontdemaisonneuve.com\/wp-content\/uploads\/2016\/02\/accueil-mousse-150x150.jpg 150w\" sizes=\"auto, (max-width: 150px) 100vw, 150px\" \/><\/a><\/span><div class=\"fusion-clearfix\"><\/div>\n\n\t\t\t\t\t<\/div>\n\t\t\t\t<\/div><\/div><\/div><div id=\"parallax01\" class=\"fusion-fullwidth fullwidth-box fusion-parallax-fixed hundred-percent-fullwidth non-hundred-percent-height-scrolling fusion-no-small-visibility\"  style='background-color: rgba(255,255,255,0);background-image: url(\"https:\/\/www.camping-pontdemaisonneuve.com\/wp-content\/uploads\/2016\/02\/parallax01.jpg\");background-position: center center;background-repeat: no-repeat;padding-top:250px;padding-right:30px;padding-left:30px;-webkit-background-size:cover;-moz-background-size:cover;-o-background-size:cover;background-size:cover;background-attachment:fixed;'><div class=\"fusion-builder-row fusion-row \"><\/div><\/div><div id=\"blocs-liens-accueil\" class=\"fusion-fullwidth fullwidth-box nonhundred-percent-fullwidth non-hundred-percent-height-scrolling\"  style='background-color: #555555;background-position: left top;background-repeat: no-repeat;padding-top:80px;padding-right:0px;padding-bottom:85px;padding-left:0px;border-top-width:0px;border-bottom-width:0px;border-color:#eae9e9;border-top-style:solid;border-bottom-style:solid;'><div class=\"fusion-builder-row fusion-row \"><div  class=\"fusion-layout-column fusion_builder_column fusion_builder_column_1_4  fusion-one-fourth fusion-column-first color01 fusion-column-inner-bg-wrapper 1_4\"  style='margin-top:0px;margin-bottom:20px;width:25%;width:calc(25% - ( ( 1px + 1px + 1px ) * 0.25 ) );margin-right: 1px;'>\n\t\t\t\t\t<div class=\"fusion-column-wrapper\" style=\"padding: 0px 0px 0px 0px;\" data-bg-url=\"\">\n\t\t\t\t\t\t<span class=\"fusion-imageframe imageframe-none imageframe-5 hover-type-none\"><img loading=\"lazy\" decoding=\"async\" src=\"https:\/\/www.camping-pontdemaisonneuve.com\/wp-content\/uploads\/2024\/11\/emplacement.jpg\" width=\"346\" height=\"346\" alt=\"Emplacement\" title=\"emplacement\" class=\"img-responsive wp-image-5940\" srcset=\"https:\/\/www.camping-pontdemaisonneuve.com\/wp-content\/uploads\/2024\/11\/emplacement-200x200.jpg 200w, https:\/\/www.camping-pontdemaisonneuve.com\/wp-content\/uploads\/2024\/11\/emplacement.jpg 346w\" sizes=\"auto, (max-width: 1000px) 100vw, 346px\" \/><\/span><div class=\"fusion-button-wrapper\"><style type=\"text\/css\" scoped=\"scoped\">.fusion-button.button-1 .fusion-button-text, .fusion-button.button-1 i {color:#ffffff;}.fusion-button.button-1 {border-width:0px;border-color:#ffffff;}.fusion-button.button-1 .fusion-button-icon-divider{border-color:#ffffff;}.fusion-button.button-1:hover .fusion-button-text, .fusion-button.button-1:hover i,.fusion-button.button-1:focus .fusion-button-text, .fusion-button.button-1:focus i,.fusion-button.button-1:active .fusion-button-text, .fusion-button.button-1:active{color:#ffffff;}.fusion-button.button-1:hover, .fusion-button.button-1:focus, .fusion-button.button-1:active{border-width:0px;border-color:#ffffff;}.fusion-button.button-1:hover .fusion-button-icon-divider, .fusion-button.button-1:hover .fusion-button-icon-divider, .fusion-button.button-1:active .fusion-button-icon-divider{border-color:#ffffff;}.fusion-button.button-1{width:auto;}<\/style><a class=\"fusion-button button-flat fusion-button-round button-large button-default button-1\" target=\"_self\"><span class=\"fusion-button-text\">Stellpl\u00e4tze<\/span><\/a><\/div><div class=\"fusion-text\"><p class=\"equalh\" style=\"padding: 0 20px;\">Unsere ger\u00e4umigen und schattigen Stellpl\u00e4tze f\u00fcr Zelte und Wohnwagen sorgen f\u00fcr ein hundertprozentiges Campingerlebnis in der Ard\u00e8che.<\/p>\n<\/div><div class=\"fusion-clearfix\"><\/div>\n\t\t\t\t\t<\/div>\n\t\t\t\t\t<span class=\"fusion-column-inner-bg hover-type-none\">\n\t\t\t\t\t\t<a href=\"\/de\/stellplaetze\/\" aria-label=\"\">\n\t\t\t\t\t\t\t<span class=\"fusion-column-inner-bg-image\" style=\"background-position:left top;background-repeat:no-repeat;-webkit-background-size:cover;-moz-background-size:cover;-o-background-size:cover;background-size:cover;\"><\/span><\/a>\n\t\t\t\t\t<\/span>\n\t\t\t\t<\/div><div  class=\"fusion-layout-column fusion_builder_column fusion_builder_column_1_4  fusion-one-fourth color02 fusion-column-inner-bg-wrapper 1_4\"  style='margin-top:0px;margin-bottom:20px;width:25%;width:calc(25% - ( ( 1px + 1px + 1px ) * 0.25 ) );margin-right: 1px;'>\n\t\t\t\t\t<div class=\"fusion-column-wrapper\" style=\"padding: 0px 0px 0px 0px;\" data-bg-url=\"\">\n\t\t\t\t\t\t<span class=\"fusion-imageframe imageframe-none imageframe-6 hover-type-none\"><img loading=\"lazy\" decoding=\"async\" src=\"https:\/\/www.camping-pontdemaisonneuve.com\/wp-content\/uploads\/2024\/11\/mobil-homes.jpg\" width=\"346\" height=\"346\" alt=\"Mobil-homes\" title=\"mobil-homes\" class=\"img-responsive wp-image-5932\" srcset=\"https:\/\/www.camping-pontdemaisonneuve.com\/wp-content\/uploads\/2024\/11\/mobil-homes-200x200.jpg 200w, https:\/\/www.camping-pontdemaisonneuve.com\/wp-content\/uploads\/2024\/11\/mobil-homes.jpg 346w\" sizes=\"auto, (max-width: 1000px) 100vw, 346px\" \/><\/span><div class=\"fusion-button-wrapper\"><style type=\"text\/css\" scoped=\"scoped\">.fusion-button.button-2 .fusion-button-text, .fusion-button.button-2 i {color:#ffffff;}.fusion-button.button-2 {border-width:0px;border-color:#ffffff;}.fusion-button.button-2 .fusion-button-icon-divider{border-color:#ffffff;}.fusion-button.button-2:hover .fusion-button-text, .fusion-button.button-2:hover i,.fusion-button.button-2:focus .fusion-button-text, .fusion-button.button-2:focus i,.fusion-button.button-2:active .fusion-button-text, .fusion-button.button-2:active{color:#ffffff;}.fusion-button.button-2:hover, .fusion-button.button-2:focus, .fusion-button.button-2:active{border-width:0px;border-color:#ffffff;}.fusion-button.button-2:hover .fusion-button-icon-divider, .fusion-button.button-2:hover .fusion-button-icon-divider, .fusion-button.button-2:active .fusion-button-icon-divider{border-color:#ffffff;}.fusion-button.button-2{width:auto;}<\/style><a class=\"fusion-button button-flat fusion-button-round button-large button-default button-2\" target=\"_self\"><span class=\"fusion-button-text\">Mobilheime<\/span><\/a><\/div><div class=\"fusion-text\"><p class=\"equalh\" style=\"padding: 0 20px;\">Das Campingvergn\u00fcgen in der Ard\u00e8che und der Komfort unserer komplett ausgestatteten Mobilheime sind die idealen Voraussetzungen f\u00fcr gro\u00dfartige Ferien mit der ganzen Familie.<\/p>\n<\/div><div class=\"fusion-clearfix\"><\/div>\n\t\t\t\t\t<\/div>\n\t\t\t\t\t<span class=\"fusion-column-inner-bg hover-type-none\">\n\t\t\t\t\t\t<a href=\"\/de\/mobilheime\/\" aria-label=\"\">\n\t\t\t\t\t\t\t<span class=\"fusion-column-inner-bg-image\" style=\"background-position:left top;background-repeat:no-repeat;-webkit-background-size:cover;-moz-background-size:cover;-o-background-size:cover;background-size:cover;\"><\/span><\/a>\n\t\t\t\t\t<\/span>\n\t\t\t\t<\/div><div  class=\"fusion-layout-column fusion_builder_column fusion_builder_column_1_4  fusion-one-fourth color03 fusion-column-inner-bg-wrapper 1_4\"  style='margin-top:0px;margin-bottom:20px;width:25%;width:calc(25% - ( ( 1px + 1px + 1px ) * 0.25 ) );margin-right: 1px;'>\n\t\t\t\t\t<div class=\"fusion-column-wrapper\" style=\"padding: 0px 0px 0px 0px;\" data-bg-url=\"\">\n\t\t\t\t\t\t<span class=\"fusion-imageframe imageframe-none imageframe-7 hover-type-none\"><img loading=\"lazy\" decoding=\"async\" src=\"https:\/\/www.camping-pontdemaisonneuve.com\/wp-content\/uploads\/2018\/11\/accueil-block003.jpg\" width=\"346\" height=\"346\" alt=\"Lebensmittelladen des Campingplatzes\" title=\"Lebensmittelladen des Campingplatzes\" class=\"img-responsive wp-image-1451\" srcset=\"https:\/\/www.camping-pontdemaisonneuve.com\/wp-content\/uploads\/2018\/11\/accueil-block003-200x200.jpg 200w, https:\/\/www.camping-pontdemaisonneuve.com\/wp-content\/uploads\/2018\/11\/accueil-block003.jpg 346w\" sizes=\"auto, (max-width: 1000px) 100vw, 346px\" \/><\/span><div class=\"fusion-button-wrapper\"><style type=\"text\/css\" scoped=\"scoped\">.fusion-button.button-3 .fusion-button-text, .fusion-button.button-3 i {color:#ffffff;}.fusion-button.button-3 {border-width:0px;border-color:#ffffff;}.fusion-button.button-3 .fusion-button-icon-divider{border-color:#ffffff;}.fusion-button.button-3:hover .fusion-button-text, .fusion-button.button-3:hover i,.fusion-button.button-3:focus .fusion-button-text, .fusion-button.button-3:focus i,.fusion-button.button-3:active .fusion-button-text, .fusion-button.button-3:active{color:#ffffff;}.fusion-button.button-3:hover, .fusion-button.button-3:focus, .fusion-button.button-3:active{border-width:0px;border-color:#ffffff;}.fusion-button.button-3:hover .fusion-button-icon-divider, .fusion-button.button-3:hover .fusion-button-icon-divider, .fusion-button.button-3:active .fusion-button-icon-divider{border-color:#ffffff;}.fusion-button.button-3{width:auto;}<\/style><a class=\"fusion-button button-flat fusion-button-round button-large button-default button-3\" target=\"_self\"><span class=\"fusion-button-text\">Serviceleistungen<\/span><\/a><\/div><div class=\"fusion-text\"><p class=\"equalh\" style=\"padding: 0 20px;\">Alles, was Sie f\u00fcr Ihren Campingurlaub in der Ard\u00e8che ben\u00f6tigen: Bar, Lebensmittelladen, Servicestation f\u00fcr Wohnmobile, WLAN-Bereich &#8230;<\/p>\n<\/div><div class=\"fusion-clearfix\"><\/div>\n\t\t\t\t\t<\/div>\n\t\t\t\t\t<span class=\"fusion-column-inner-bg hover-type-none\">\n\t\t\t\t\t\t<a href=\"\/de\/serviceleistungen\/\" aria-label=\"\">\n\t\t\t\t\t\t\t<span class=\"fusion-column-inner-bg-image\" style=\"background-position:left top;background-repeat:no-repeat;-webkit-background-size:cover;-moz-background-size:cover;-o-background-size:cover;background-size:cover;\"><\/span><\/a>\n\t\t\t\t\t<\/span>\n\t\t\t\t<\/div><div  class=\"fusion-layout-column fusion_builder_column fusion_builder_column_1_4  fusion-one-fourth fusion-column-last color04 fusion-column-inner-bg-wrapper 1_4\"  style='margin-top:0px;margin-bottom:20px;width:25%;width:calc(25% - ( ( 1px + 1px + 1px ) * 0.25 ) );'>\n\t\t\t\t\t<div class=\"fusion-column-wrapper\" style=\"padding: 0px 0px 0px 0px;\" data-bg-url=\"\">\n\t\t\t\t\t\t<span class=\"fusion-imageframe imageframe-none imageframe-8 hover-type-none\"><img loading=\"lazy\" decoding=\"async\" src=\"https:\/\/www.camping-pontdemaisonneuve.com\/wp-content\/uploads\/2024\/11\/animation.jpg\" width=\"346\" height=\"346\" alt=\"Animation\" title=\"animation\" class=\"img-responsive wp-image-5920\" srcset=\"https:\/\/www.camping-pontdemaisonneuve.com\/wp-content\/uploads\/2024\/11\/animation-200x200.jpg 200w, https:\/\/www.camping-pontdemaisonneuve.com\/wp-content\/uploads\/2024\/11\/animation.jpg 346w\" sizes=\"auto, (max-width: 1000px) 100vw, 346px\" \/><\/span><div class=\"fusion-button-wrapper\"><style type=\"text\/css\" scoped=\"scoped\">.fusion-button.button-4 .fusion-button-text, .fusion-button.button-4 i {color:#ffffff;}.fusion-button.button-4 {border-width:0px;border-color:#ffffff;}.fusion-button.button-4 .fusion-button-icon-divider{border-color:#ffffff;}.fusion-button.button-4:hover .fusion-button-text, .fusion-button.button-4:hover i,.fusion-button.button-4:focus .fusion-button-text, .fusion-button.button-4:focus i,.fusion-button.button-4:active .fusion-button-text, .fusion-button.button-4:active{color:#ffffff;}.fusion-button.button-4:hover, .fusion-button.button-4:focus, .fusion-button.button-4:active{border-width:0px;border-color:#ffffff;}.fusion-button.button-4:hover .fusion-button-icon-divider, .fusion-button.button-4:hover .fusion-button-icon-divider, .fusion-button.button-4:active .fusion-button-icon-divider{border-color:#ffffff;}.fusion-button.button-4{width:auto;}<\/style><a class=\"fusion-button button-flat fusion-button-round button-large button-default button-4\" target=\"_self\"><span class=\"fusion-button-text\">Sport und Spass<\/span><\/a><\/div><div class=\"fusion-text\"><p class=\"equalh\" style=\"padding: 0 20px;\">Das + in Ihren Ferien auf dem Campingplatz Ard\u00e8che: ein vielf\u00e4ltiges Angebot vor Ort und in der Umgebung, das Gro\u00df und Klein begeistert.<\/p>\n<\/div><div class=\"fusion-clearfix\"><\/div>\n\t\t\t\t\t<\/div>\n\t\t\t\t\t<span class=\"fusion-column-inner-bg hover-type-none\">\n\t\t\t\t\t\t<a href=\"\/de\/aktivitaten\/\" aria-label=\"\">\n\t\t\t\t\t\t\t<span class=\"fusion-column-inner-bg-image\" style=\"background-position:left top;background-repeat:no-repeat;-webkit-background-size:cover;-moz-background-size:cover;-o-background-size:cover;background-size:cover;\"><\/span><\/a>\n\t\t\t\t\t<\/span>\n\t\t\t\t<\/div><\/div><\/div><div id=\"bloc-gmap\" class=\"fusion-fullwidth fullwidth-box hundred-percent-fullwidth non-hundred-percent-height-scrolling\"  style='background-color: #555555;background-position: left top;background-repeat: no-repeat;padding-right:30px;padding-left:30px;border-top-width:0px;border-bottom-width:0px;border-color:#eae9e9;border-top-style:solid;border-bottom-style:solid;'><div class=\"fusion-builder-row fusion-row \"><div  class=\"fusion-layout-column fusion_builder_column fusion_builder_column_1_1  fusion-one-full fusion-column-first fusion-column-last fusion-column-no-min-height 1_1\"  style='margin-top:0px;margin-bottom:0px;'>\n\t\t\t\t\t<div class=\"fusion-column-wrapper\" style=\"padding: 0px 0px 0px 0px;background-position:left top;background-repeat:no-repeat;-webkit-background-size:cover;-moz-background-size:cover;-o-background-size:cover;background-size:cover;\"  data-bg-url=\"\">\n\t\t\t\t\t\t<div class=\"fusion-title title fusion-sep-none fusion-title-center fusion-title-size-two\" style=\"margin-top:0px;margin-bottom:31px;\"><h2 class=\"title-heading-center\"><em>Hier finden Sie uns!<\/em><\/h2><\/div><div class=\"fusion-clearfix\"><\/div>\n\n\t\t\t\t\t<\/div>\n\t\t\t\t<\/div><div  class=\"fusion-layout-column fusion_builder_column fusion_builder_column_1_1  fusion-one-full fusion-column-first fusion-column-last fusion-column-no-min-height 1_1\"  style='margin-top:0px;margin-bottom:0px;'>\n\t\t\t\t\t<div class=\"fusion-column-wrapper\" style=\"padding: 0px 0px 0px 0px;background-position:left top;background-repeat:no-repeat;-webkit-background-size:cover;-moz-background-size:cover;-o-background-size:cover;background-size:cover;\"  data-bg-url=\"\">\n\t\t\t\t\t\t<div class=\"fusion-section-separator section-separator\" style=\"border-bottom:1px solid #222222;margin-left:-30px;margin-right:-30px;\"><div class=\"section-separator-icon icon  fa fa-map-marker\" style=\"color:#dddddd;\"><\/div><div class=\"divider-candy-arrow bottom\" style=\"top:0px;border-top-color: #555555;\"><\/div><div class=\"divider-candy bottom\" style=\"bottom:-21px;border-bottom:1px solid #222222;border-left:1px solid #222222;\"><\/div><\/div><div class=\"fusion-clearfix\"><\/div>\n\n\t\t\t\t\t<\/div>\n\t\t\t\t<\/div><div  class=\"fusion-layout-column fusion_builder_column fusion_builder_column_1_1  fusion-one-full fusion-column-first fusion-column-last fusion-column-no-min-height 1_1\"  style='margin-top:0px;margin-bottom:0px;'>\n\t\t\t\t\t<div class=\"fusion-column-wrapper\" style=\"padding: 0px 0px 0px 0px;background-position:left top;background-repeat:no-repeat;-webkit-background-size:cover;-moz-background-size:cover;-o-background-size:cover;background-size:cover;\"  data-bg-url=\"\">\n\t\t\t\t\t\t\t\t\t\t\t<script type=\"text\/javascript\">\n\t\t\t\t\t\tvar map_fusion_map_69f2e4f03d112;\n\t\t\t\t\t\tvar markers = [];\n\t\t\t\t\t\tvar counter = 0;\n\t\t\t\t\t\t\t\t\t\t\t\t\t\t\t\t\t\t\t\tvar fusionMapNonce = 'b986a10806';\n\t\t\t\t\t\t\t\t\t\t\t\tfunction fusion_run_map_fusion_map_69f2e4f03d112() {\n\t\t\t\t\t\t\tjQuery('#fusion_map_69f2e4f03d112').fusion_maps({\n\t\t\t\t\t\t\t\taddresses: [{\"address\":\"44.390139,4.232738\",\"infobox_content\":\"Camping*** Le Pont de Maisonneuve<br \\\/>\\n07460 Beaulieu - Ard\\u00e8che - France\",\"coordinates\":true,\"latitude\":\"44.390139\",\"longitude\":\"4.232738\",\"cache\":true,\"geocoded_address\":\"Les Lebres, 07460 Beaulieu, France\"}],\n\t\t\t\t\t\t\t\tanimations: true,\n\t\t\t\t\t\t\t\tinfobox_background_color: '#555555',\n\t\t\t\t\t\t\t\tinfobox_styling: 'default',\n\t\t\t\t\t\t\t\tinfobox_text_color: '#ffffff',\n\t\t\t\t\t\t\t\tmap_style: 'custom',\n\t\t\t\t\t\t\t\tmap_type: 'roadmap',\n\t\t\t\t\t\t\t\tmarker_icon: '',\n\t\t\t\t\t\t\t\toverlay_color: '#74af81',\n\t\t\t\t\t\t\t\toverlay_color_hsl: {\"hue\":133,\"sat\":27,\"lum\":57},\n\t\t\t\t\t\t\t\tpan_control: true,\n\t\t\t\t\t\t\t\tshow_address: false,\n\t\t\t\t\t\t\t\tscale_control: true,\n\t\t\t\t\t\t\t\tscrollwheel: false,\n\t\t\t\t\t\t\t\tzoom: 12,\n\t\t\t\t\t\t\t\tzoom_control: true,\n\t\t\t\t\t\t\t});\n\t\t\t\t\t\t}\n\n\t\t\t\t\t\tgoogle.maps.event.addDomListener(window, 'load', fusion_run_map_fusion_map_69f2e4f03d112);\n\t\t\t\t\t<\/script>\n\t\t\t\t\t<div class=\"shortcode-map fusion-google-map fusion-maps-js-type\" id=\"fusion_map_69f2e4f03d112\" style=\"height:340px;width:100%;\"><\/div><div class=\"fusion-clearfix\"><\/div>\n\n\t\t\t\t\t<\/div>\n\t\t\t\t<\/div><\/div><\/div><\/p>\n","protected":false},"excerpt":{"rendered":"","protected":false},"author":1,"featured_media":0,"parent":0,"menu_order":0,"comment_status":"closed","ping_status":"closed","template":"100-width.php","meta":{"footnotes":""},"class_list":["post-1457","page","type-page","status-publish","hentry"],"_links":{"self":[{"href":"https:\/\/www.camping-pontdemaisonneuve.com\/de\/wp-json\/wp\/v2\/pages\/1457","targetHints":{"allow":["GET"]}}],"collection":[{"href":"https:\/\/www.camping-pontdemaisonneuve.com\/de\/wp-json\/wp\/v2\/pages"}],"about":[{"href":"https:\/\/www.camping-pontdemaisonneuve.com\/de\/wp-json\/wp\/v2\/types\/page"}],"author":[{"embeddable":true,"href":"https:\/\/www.camping-pontdemaisonneuve.com\/de\/wp-json\/wp\/v2\/users\/1"}],"replies":[{"embeddable":true,"href":"https:\/\/www.camping-pontdemaisonneuve.com\/de\/wp-json\/wp\/v2\/comments?post=1457"}],"version-history":[{"count":13,"href":"https:\/\/www.camping-pontdemaisonneuve.com\/de\/wp-json\/wp\/v2\/pages\/1457\/revisions"}],"predecessor-version":[{"id":5943,"href":"https:\/\/www.camping-pontdemaisonneuve.com\/de\/wp-json\/wp\/v2\/pages\/1457\/revisions\/5943"}],"wp:attachment":[{"href":"https:\/\/www.camping-pontdemaisonneuve.com\/de\/wp-json\/wp\/v2\/media?parent=1457"}],"curies":[{"name":"wp","href":"https:\/\/api.w.org\/{rel}","templated":true}]}}