{"id":2188,"date":"2024-11-12T10:08:07","date_gmt":"2024-11-12T09:08:07","guid":{"rendered":"https:\/\/www.camping-pontdemaisonneuve.com\/?page_id=2188"},"modified":"2024-11-12T10:08:07","modified_gmt":"2024-11-12T09:08:07","slug":"bewertungen","status":"publish","type":"page","link":"https:\/\/www.camping-pontdemaisonneuve.com\/de\/bewertungen\/","title":{"rendered":"Bewertungen"},"content":{"rendered":"<div class=\"fusion-fullwidth fullwidth-box nonhundred-percent-fullwidth non-hundred-percent-height-scrolling\"  style='background-color: rgba(255,255,255,0);background-position: center center;background-repeat: no-repeat;padding-top:0px;padding-right:0px;padding-bottom:0px;padding-left:0px;'><div class=\"fusion-builder-row fusion-row \"><div  class=\"fusion-layout-column fusion_builder_column fusion_builder_column_1_1  fusion-one-full fusion-column-first fusion-column-last 1_1\"  style='margin-top:0px;margin-bottom:20px;'>\n\t\t\t\t\t<div class=\"fusion-column-wrapper\" style=\"padding: 0px 0px 0px 0px;background-position:left top;background-repeat:no-repeat;-webkit-background-size:cover;-moz-background-size:cover;-o-background-size:cover;background-size:cover;\"  data-bg-url=\"\">\n\t\t\t\t\t\t<div class=\"gs-crs-container\"><div class=\"gs-crs-column gs-crs-column-30\">        <div class=\"gs-badge\" style=\"background: #ffffff; border: 1px solid #a7b3ce; border-radius: 5px;\">\n            <div class=\"gs-header\">\n                <div class=\"gs-establishment-name\">\n                    <span style=\"color:#000000\">Camping Le Pont de Maisonneuve<\/span>                <\/div>\n            <\/div>\n            <div class=\"gs-rating\">\n                <span class=\"gs-big-number\" style=\"color: #000000\">8.9\/10<\/span>\n                <span class=\"gs-total-reviews\" style=\"color: #000000\">717 reviews<\/span>\n            <\/div>\n            <div class=\"gs-stars\">\n                <div class=\"gs-stars\"><div class=\"gs-star-rating\"><span class=\"screen-reader-text\">4,5 rating based on 717 rating<\/span><div class=\"star star-full\" style=\"color:#da3768\" aria-hidden=\"true\"><\/div><div class=\"star star-full\" style=\"color:#da3768\" aria-hidden=\"true\"><\/div><div class=\"star star-full\" style=\"color:#da3768\" aria-hidden=\"true\"><\/div><div class=\"star star-full\" style=\"color:#da3768\" aria-hidden=\"true\"><\/div><div class=\"star star-half\" style=\"color:#da3768\" aria-hidden=\"true\"><\/div><\/div><\/div>            <\/div>\n                    <\/div>\n\n    <div class=\"gs_ranking-wrapper\" style=\"background:#ffffff; border: 1px solid #a7b3ce; border-radius: 5px;\">\n        <div class=\"gs-ranking-container\">\n            <div class=\"gs-row\">\n                <div class=\"gs-col-md-12\">\n                    <div class=\"gs_rating-review-item\">\n                        <div class=\"right-rating\">\n                            <ul class=\"order-list\">\n                                <li style=\"margin-left:0;\"><div class=\"rating-row\"><div class=\"star-value\"><span class=\"gs_ranking_label_rate\" style=\"color: #000000\">5<\/span><span style=\"color: #000000\"><\/span><span class=\"dashicons gs_dashicon_ranking_star dashicons-star-filled\" style=\"color: #da3768\"><\/span><\/div><div class=\"progress gs_progressbar\"><div class=\"gs-custom-progress-bar pbar-5 bg-success\" role=\"progressbar\"\n                    style=\"border-color:#da3768; width: 70%\" aria-valuenow=\"70\" aria-valuemin=\"0\"\n                    aria-valuemax=\"100\"><\/div><\/div><span class=\"rating-hit\" style=\"color: #000000\">501 reviews<\/span><\/div><\/li><li style=\"margin-left:0;\"><div class=\"rating-row\"><div class=\"star-value\"><span class=\"gs_ranking_label_rate\" style=\"color: #000000\">4<\/span><span style=\"color: #000000\"><\/span><span class=\"dashicons gs_dashicon_ranking_star dashicons-star-filled\" style=\"color: #da3768\"><\/span><\/div><div class=\"progress gs_progressbar\"><div class=\"gs-custom-progress-bar pbar-4 bg-success\" role=\"progressbar\"\n                    style=\"border-color:#da3768; width: 27%\" aria-valuenow=\"27\" aria-valuemin=\"0\"\n                    aria-valuemax=\"100\"><\/div><\/div><span class=\"rating-hit\" style=\"color: #000000\">192 reviews<\/span><\/div><\/li><li style=\"margin-left:0;\"><div class=\"rating-row\"><div class=\"star-value\"><span class=\"gs_ranking_label_rate\" style=\"color: #000000\">3<\/span><span style=\"color: #000000\"><\/span><span class=\"dashicons gs_dashicon_ranking_star dashicons-star-filled\" style=\"color: #da3768\"><\/span><\/div><div class=\"progress gs_progressbar\"><div class=\"gs-custom-progress-bar pbar-3 bg-success\" role=\"progressbar\"\n                    style=\"border-color:#da3768; width: 3%\" aria-valuenow=\"3\" aria-valuemin=\"0\"\n                    aria-valuemax=\"100\"><\/div><\/div><span class=\"rating-hit\" style=\"color: #000000\">18 reviews<\/span><\/div><\/li><li style=\"margin-left:0;\"><div class=\"rating-row\"><div class=\"star-value\"><span class=\"gs_ranking_label_rate\" style=\"color: #000000\">2<\/span><span style=\"color: #000000\"><\/span><span class=\"dashicons gs_dashicon_ranking_star dashicons-star-filled\" style=\"color: #da3768\"><\/span><\/div><div class=\"progress gs_progressbar\"><div class=\"gs-custom-progress-bar pbar-2 bg-success\" role=\"progressbar\"\n                    style=\"border-color:#da3768; width: 0%\" aria-valuenow=\"0\" aria-valuemin=\"0\"\n                    aria-valuemax=\"100\"><\/div><\/div><span class=\"rating-hit\" style=\"color: #000000\">3 reviews<\/span><\/div><\/li><li style=\"margin-left:0;\"><div class=\"rating-row\"><div class=\"star-value\"><span class=\"gs_ranking_label_rate\" style=\"color: #000000\">1<\/span><span style=\"color: #000000\"><\/span><span class=\"dashicons gs_dashicon_ranking_star dashicons-star-filled\" style=\"color: #da3768\"><\/span><\/div><div class=\"progress gs_progressbar\"><div class=\"gs-custom-progress-bar pbar-1 bg-success\" role=\"progressbar\"\n                    style=\"border-color:#da3768; width: 0%\" aria-valuenow=\"0\" aria-valuemin=\"0\"\n                    aria-valuemax=\"100\"><\/div><\/div><span class=\"rating-hit\" style=\"color: #000000\">3 reviews<\/span><\/div><\/li><li style=\"margin-left:0;\"><div class=\"rating-row\"><div class=\"star-value\"><span class=\"gs_ranking_label_rate\" style=\"color: #000000\">0<\/span><span style=\"color: #000000\"><\/span><span class=\"dashicons gs_dashicon_ranking_star dashicons-star-filled\" style=\"color: #da3768\"><\/span><\/div><div class=\"progress gs_progressbar\"><div class=\"gs-custom-progress-bar pbar-0 bg-success\" role=\"progressbar\"\n                    style=\"border-color:transparent; width: 0%\" aria-valuenow=\"0\" aria-valuemin=\"0\"\n                    aria-valuemax=\"100\"><\/div><\/div><span class=\"rating-hit\" style=\"color: #000000\">0 review<\/span><\/div><\/li>\n                            <\/ul>\n                        <\/div>\n                    <\/div>\n                <\/div>\n            <\/div>\n           \n            <div class=\"gs-row\" style=\"margin-top:30px;\">\n                <div class=\"gs-col-md-12\">\n                    <div class=\"gs-footer\">\n                        <a href=\"https:\/\/www.guest-suite.com\/\" target=\"_blank\" class=\"gs-footer-link\">\n                            <span style=\"color:#000000\">Powered by\n                            <img decoding=\"async\" src=\"https:\/\/www.camping-pontdemaisonneuve.com\/wp-content\/plugins\/guest-suite\/includes\/..\/..\/guest-suite\/assets\/images\/gs-logo.png\" alt=\"Guest Suite logo\" class=\"gs_badge_footer_logo\" \/>\n                            <\/span><div class=\"gs_clear\"><\/div>\n                        <\/a>\n                    <\/div>\n                    <div class=\"gs-afnor\">\n                        <p style=\"color:#000000\">All customer reviews for My establishment are managed by Guest Suite certified \u201cNF Review management service, for the collection service, moderation service and publication service\u201d by AFNOR Certification<\/p>\n                    <\/div>\n                <\/div>\n            <\/div>\n        \n        <\/div>\n    <\/div><\/div><div class=\"gs-crs-column gs-crs-column-70\"><div class=\"gs-crs-reviews\"><div class=\"gs_reviews_list_wrapper\"><ul id=\"gs-reviews-list\"><li class=\"review-item\" style=\"margin-left:0; margin-top:0; background:#ffffff; border: 1px solid #a7b3ce; border-radius: 5px;\"><div class=\"review-header\"><strong style=\"color:#000000\" class=\"review-username\">Dalila<\/strong><span style=\"color:#000000\" class=\"review-date\">01 \/ 09 \/ 24<\/span><\/div><div class=\"review-rating\"><span style=\"color:#da3768\" class=\"review-rate-10\">10\/10<\/span><\/div><p class=\"review-comment\"><span style=\"color:#000000\" class=\"short-comment\"><\/span><\/p><div class=\"review-footer\"><div class=\"review-buttons\"><a href=\"https:\/\/wire.guest-suite.com\/review\/warn\/80124137-0rnqgMqZBrDqc8rj\" target=\"_blank\" class=\"review-button signaler\"><span class=\"dashicons dashicons-flag\"><\/span> Report<\/a><\/div><span style=\"color:#000000\" class=\"review-experience-date\">Experience date 31\/08\/24<br\/><i>Camping Le Pont de Maisonneuve<\/i><\/span><\/div><\/li><li class=\"review-item\" style=\"margin-left:0; margin-top:0; background:#ffffff; border: 1px solid #a7b3ce; border-radius: 5px;\"><div class=\"review-header\"><strong style=\"color:#000000\" class=\"review-username\">Dalila<\/strong><span style=\"color:#000000\" class=\"review-date\">01 \/ 09 \/ 24<\/span><\/div><div class=\"review-rating\"><span style=\"color:#da3768\" class=\"review-rate-10\">10\/10<\/span><\/div><p class=\"review-comment\"><span style=\"color:#000000\" class=\"short-comment\"><\/span><\/p><div class=\"review-footer\"><div class=\"review-buttons\"><a href=\"https:\/\/wire.guest-suite.com\/review\/warn\/80124137-0rnqgMqZBrDqc8rj\" target=\"_blank\" class=\"review-button signaler\"><span class=\"dashicons dashicons-flag\"><\/span> Report<\/a><\/div><span style=\"color:#000000\" class=\"review-experience-date\">Experience date 31\/08\/24<br\/><i>Camping Le Pont de Maisonneuve<\/i><\/span><\/div><\/li><li class=\"review-item\" style=\"margin-left:0; margin-top:0; background:#ffffff; border: 1px solid #a7b3ce; border-radius: 5px;\"><div class=\"review-header\"><strong style=\"color:#000000\" class=\"review-username\">Dalila<\/strong><span style=\"color:#000000\" class=\"review-date\">01 \/ 09 \/ 24<\/span><\/div><div class=\"review-rating\"><span style=\"color:#da3768\" class=\"review-rate-10\">10\/10<\/span><\/div><p class=\"review-comment\"><span style=\"color:#000000\" class=\"short-comment\"><\/span><\/p><div class=\"review-footer\"><div class=\"review-buttons\"><a href=\"https:\/\/wire.guest-suite.com\/review\/warn\/80124137-0rnqgMqZBrDqc8rj\" target=\"_blank\" class=\"review-button signaler\"><span class=\"dashicons dashicons-flag\"><\/span> Report<\/a><\/div><span style=\"color:#000000\" class=\"review-experience-date\">Experience date 31\/08\/24<br\/><i>Camping Le Pont de Maisonneuve<\/i><\/span><\/div><\/li><li class=\"review-item\" style=\"margin-left:0; margin-top:0; background:#ffffff; border: 1px solid #a7b3ce; border-radius: 5px;\"><div class=\"review-header\"><strong style=\"color:#000000\" class=\"review-username\">Barbara<\/strong><span style=\"color:#000000\" class=\"review-date\">30 \/ 08 \/ 24<\/span><\/div><div class=\"review-rating\"><span style=\"color:#da3768\" class=\"review-rate-10\">10\/10<\/span><\/div><p class=\"review-comment\"><span style=\"color:#000000\" class=\"short-comment\">Camping au top , mais il faudrait penser \u00e0 mettre le Wi-Fi dans tous le camping ,et un plus \u00e9clair\u00e9 les all\u00e9es<\/span><\/p><div class=\"review-footer\"><div class=\"review-buttons\"><a href=\"https:\/\/wire.guest-suite.com\/review\/warn\/80104971-3kPT7t4mxfAAxRsC\" target=\"_blank\" class=\"review-button signaler\"><span class=\"dashicons dashicons-flag\"><\/span> Report<\/a><\/div><span style=\"color:#000000\" class=\"review-experience-date\">Experience date 29\/08\/24<br\/><i>Camping Le Pont de Maisonneuve<\/i><\/span><\/div><\/li><li class=\"review-item\" style=\"margin-left:0; margin-top:0; background:#ffffff; border: 1px solid #a7b3ce; border-radius: 5px;\"><div class=\"review-header\"><strong style=\"color:#000000\" class=\"review-username\">Barbara<\/strong><span style=\"color:#000000\" class=\"review-date\">30 \/ 08 \/ 24<\/span><\/div><div class=\"review-rating\"><span style=\"color:#da3768\" class=\"review-rate-10\">10\/10<\/span><\/div><p class=\"review-comment\"><span style=\"color:#000000\" class=\"short-comment\">Camping au top , mais il faudrait penser \u00e0 mettre le Wi-Fi dans tous le camping ,et un plus \u00e9clair\u00e9 les all\u00e9es<\/span><\/p><div class=\"review-footer\"><div class=\"review-buttons\"><a href=\"https:\/\/wire.guest-suite.com\/review\/warn\/80104971-3kPT7t4mxfAAxRsC\" target=\"_blank\" class=\"review-button signaler\"><span class=\"dashicons dashicons-flag\"><\/span> Report<\/a><\/div><span style=\"color:#000000\" class=\"review-experience-date\">Experience date 29\/08\/24<br\/><i>Camping Le Pont de Maisonneuve<\/i><\/span><\/div><\/li><li class=\"review-item\" style=\"margin-left:0; margin-top:0; background:#ffffff; border: 1px solid #a7b3ce; border-radius: 5px;\"><div class=\"review-header\"><strong style=\"color:#000000\" class=\"review-username\">Barbara<\/strong><span style=\"color:#000000\" class=\"review-date\">30 \/ 08 \/ 24<\/span><\/div><div class=\"review-rating\"><span style=\"color:#da3768\" class=\"review-rate-10\">10\/10<\/span><\/div><p class=\"review-comment\"><span style=\"color:#000000\" class=\"short-comment\">Camping au top , mais il faudrait penser \u00e0 mettre le Wi-Fi dans tous le camping ,et un plus \u00e9clair\u00e9 les all\u00e9es<\/span><\/p><div class=\"review-footer\"><div class=\"review-buttons\"><a href=\"https:\/\/wire.guest-suite.com\/review\/warn\/80104971-3kPT7t4mxfAAxRsC\" target=\"_blank\" class=\"review-button signaler\"><span class=\"dashicons dashicons-flag\"><\/span> Report<\/a><\/div><span style=\"color:#000000\" class=\"review-experience-date\">Experience date 29\/08\/24<br\/><i>Camping Le Pont de Maisonneuve<\/i><\/span><\/div><\/li><li class=\"review-item\" style=\"margin-left:0; margin-top:0; background:#ffffff; border: 1px solid #a7b3ce; border-radius: 5px;\"><div class=\"review-header\"><strong style=\"color:#000000\" class=\"review-username\">Bertil<\/strong><span style=\"color:#000000\" class=\"review-date\">25 \/ 08 \/ 24<\/span><\/div><div class=\"review-rating\"><span style=\"color:#da3768\" class=\"review-rate-10\">8\/10<\/span><\/div><p class=\"review-comment\"><span style=\"color:#000000\" class=\"short-comment\">A revoir les douches qui manquent de pression et l eau chaude<\/span><\/p><div class=\"review-footer\"><div class=\"review-buttons\"><a href=\"https:\/\/wire.guest-suite.com\/review\/warn\/79732011-3oeMIEP130FkJfce\" target=\"_blank\" class=\"review-button signaler\"><span class=\"dashicons dashicons-flag\"><\/span> Report<\/a><\/div><span style=\"color:#000000\" class=\"review-experience-date\">Experience date 24\/08\/24<br\/><i>Camping Le Pont de Maisonneuve<\/i><\/span><\/div><\/li><li class=\"review-item\" style=\"margin-left:0; margin-top:0; background:#ffffff; border: 1px solid #a7b3ce; border-radius: 5px;\"><div class=\"review-header\"><strong style=\"color:#000000\" class=\"review-username\">Bertil<\/strong><span style=\"color:#000000\" class=\"review-date\">25 \/ 08 \/ 24<\/span><\/div><div class=\"review-rating\"><span style=\"color:#da3768\" class=\"review-rate-10\">8\/10<\/span><\/div><p class=\"review-comment\"><span style=\"color:#000000\" class=\"short-comment\">A revoir les douches qui manquent de pression et l eau chaude<\/span><\/p><div class=\"review-footer\"><div class=\"review-buttons\"><a href=\"https:\/\/wire.guest-suite.com\/review\/warn\/79732011-3oeMIEP130FkJfce\" target=\"_blank\" class=\"review-button signaler\"><span class=\"dashicons dashicons-flag\"><\/span> Report<\/a><\/div><span style=\"color:#000000\" class=\"review-experience-date\">Experience date 24\/08\/24<br\/><i>Camping Le Pont de Maisonneuve<\/i><\/span><\/div><\/li><li class=\"review-item\" style=\"margin-left:0; margin-top:0; background:#ffffff; border: 1px solid #a7b3ce; border-radius: 5px;\"><div class=\"review-header\"><strong style=\"color:#000000\" class=\"review-username\">Bertil<\/strong><span style=\"color:#000000\" class=\"review-date\">25 \/ 08 \/ 24<\/span><\/div><div class=\"review-rating\"><span style=\"color:#da3768\" class=\"review-rate-10\">8\/10<\/span><\/div><p class=\"review-comment\"><span style=\"color:#000000\" class=\"short-comment\">A revoir les douches qui manquent de pression et l eau chaude<\/span><\/p><div class=\"review-footer\"><div class=\"review-buttons\"><a href=\"https:\/\/wire.guest-suite.com\/review\/warn\/79732011-3oeMIEP130FkJfce\" target=\"_blank\" class=\"review-button signaler\"><span class=\"dashicons dashicons-flag\"><\/span> Report<\/a><\/div><span style=\"color:#000000\" class=\"review-experience-date\">Experience date 24\/08\/24<br\/><i>Camping Le Pont de Maisonneuve<\/i><\/span><\/div><\/li><li class=\"review-item\" style=\"margin-left:0; margin-top:0; background:#ffffff; border: 1px solid #a7b3ce; border-radius: 5px;\"><div class=\"review-header\"><strong style=\"color:#000000\" class=\"review-username\">Michel<\/strong><span style=\"color:#000000\" class=\"review-date\">21 \/ 08 \/ 24<\/span><\/div><div class=\"review-rating\"><span style=\"color:#da3768\" class=\"review-rate-10\">8\/10<\/span><\/div><p class=\"review-comment\"><span style=\"color:#000000\" class=\"short-comment\">Fid\u00e8le depuis plus de 35 ans ce camping agr\u00e9able avec de vastes emplacements nous convient parfaitement<\/span><\/p><div class=\"review-footer\"><div class=\"review-buttons\"><a href=\"https:\/\/wire.guest-suite.com\/review\/warn\/79691454-rod93vGkFdvfv0Q5\" target=\"_blank\" class=\"review-button signaler\"><span class=\"dashicons dashicons-flag\"><\/span> Report<\/a><\/div><span style=\"color:#000000\" class=\"review-experience-date\">Experience date 20\/08\/24<br\/><i>Camping Le Pont de Maisonneuve<\/i><\/span><\/div><\/li><\/ul><\/div><div class=\"gs-reviews-pagination\"><span class=\"current\" style=\"background:#da3768\">1<\/span><a href=\"#\" class=\"gs-reviews-page-link\" data-page=\"2\">2<\/a><a href=\"#\" class=\"gs-reviews-page-link\" data-page=\"3\">3<\/a><a href=\"#\" class=\"gs-reviews-page-link\" data-page=\"72\">Last &raquo;<\/a><\/div><\/div><\/div><\/div><div class=\"fusion-clearfix\"><\/div>\n\n\t\t\t\t\t<\/div>\n\t\t\t\t<\/div><\/div><\/div>\n","protected":false},"excerpt":{"rendered":"","protected":false},"author":1,"featured_media":0,"parent":0,"menu_order":0,"comment_status":"closed","ping_status":"closed","template":"","meta":{"footnotes":""},"class_list":["post-2188","page","type-page","status-publish","hentry"],"_links":{"self":[{"href":"https:\/\/www.camping-pontdemaisonneuve.com\/de\/wp-json\/wp\/v2\/pages\/2188","targetHints":{"allow":["GET"]}}],"collection":[{"href":"https:\/\/www.camping-pontdemaisonneuve.com\/de\/wp-json\/wp\/v2\/pages"}],"about":[{"href":"https:\/\/www.camping-pontdemaisonneuve.com\/de\/wp-json\/wp\/v2\/types\/page"}],"author":[{"embeddable":true,"href":"https:\/\/www.camping-pontdemaisonneuve.com\/de\/wp-json\/wp\/v2\/users\/1"}],"replies":[{"embeddable":true,"href":"https:\/\/www.camping-pontdemaisonneuve.com\/de\/wp-json\/wp\/v2\/comments?post=2188"}],"version-history":[{"count":1,"href":"https:\/\/www.camping-pontdemaisonneuve.com\/de\/wp-json\/wp\/v2\/pages\/2188\/revisions"}],"predecessor-version":[{"id":2189,"href":"https:\/\/www.camping-pontdemaisonneuve.com\/de\/wp-json\/wp\/v2\/pages\/2188\/revisions\/2189"}],"wp:attachment":[{"href":"https:\/\/www.camping-pontdemaisonneuve.com\/de\/wp-json\/wp\/v2\/media?parent=2188"}],"curies":[{"name":"wp","href":"https:\/\/api.w.org\/{rel}","templated":true}]}}